{"id":10,"date":"2014-07-11T21:32:44","date_gmt":"2014-07-11T21:32:44","guid":{"rendered":"http:\/\/josemanuelcorrea.com\/?page_id=10"},"modified":"2014-08-19T03:25:52","modified_gmt":"2014-08-19T03:25:52","slug":"noticias","status":"publish","type":"page","link":"http:\/\/josemanuelcorrea.com\/?page_id=10","title":{"rendered":"Noticias"},"content":{"rendered":"<figure id=\"attachment_136\" aria-describedby=\"caption-attachment-136\" style=\"width: 217px\" class=\"wp-caption alignleft\"><img decoding=\"async\" loading=\"lazy\" class=\"wp-image-136 size-medium\" src=\"http:\/\/josemanuelcorrea.com\/wp-content\/uploads\/2014\/07\/Captura-de-pantalla-2014-08-17-a-las-02.04.48-217x300.png\" alt=\"Jos\u00e9 Manuel Correa\" width=\"217\" height=\"300\" srcset=\"http:\/\/josemanuelcorrea.com\/wp-content\/uploads\/2014\/07\/Captura-de-pantalla-2014-08-17-a-las-02.04.48-217x300.png 217w, http:\/\/josemanuelcorrea.com\/wp-content\/uploads\/2014\/07\/Captura-de-pantalla-2014-08-17-a-las-02.04.48.png 550w\" sizes=\"(max-width: 217px) 100vw, 217px\" \/><figcaption id=\"caption-attachment-136\" class=\"wp-caption-text\">Jos\u00e9 Manuel Correa<\/figcaption><\/figure>\n<p>Jos\u00e9 Manuel Correa tuvo la iniciativa de fundar y constituir una Asociaci\u00f3n Civil con el prop\u00f3sito de defender, dignificar y engrandecer la M\u00fasica y el Folclore Mexicano, as\u00ed como proteger los derechos de los int\u00e9rpretes y los nuevos valores, a la que se llam\u00f3 \u201cPor M\u00e9xico y sus Canciones A.C.\u201d, la cual qued\u00f3 constituida en Noviembre de 1991 misma que se acredit\u00f3 en el marco de un majestuoso evento en las instalaciones del Restaurante Caporales, llev\u00e1ndose a cabo el acto protocolario por quien vino a dar posici\u00f3n a la misma, el entonces Diputado Federal, Actor del Cine Nacional y Secretario General de la Asociaci\u00f3n Nacional de Actores (ANDA), El Sr. Julio Alem\u00e1n, quien tom\u00f3 protesta a la Mesa Directiva de \u201cPor M\u00e9xico y sus Canciones, A.C.\u201d, y felicit\u00f3 a Jos\u00e9 Manuel por la iniciativa, en su car\u00e1cter de presidente de la dicha organizaci\u00f3n., as\u00ed mismo el evento fue engalanado por la presencia de diversos gremios vinculados a los artistas, as\u00ed como por las autoridades locales, estatales y federales asistentes, quienes fungieron como testigos de honor de tan significativo evento.<\/p>\n","protected":false},"excerpt":{"rendered":"<p>Jos\u00e9 Manuel Correa tuvo la iniciativa de fundar y constituir una Asociaci\u00f3n Civil con el prop\u00f3sito de defender, dignificar y engrandecer la M\u00fasica y el Folclore Mexicano, as\u00ed como proteger los derechos de los int\u00e9rpretes y los nuevos valores, a la que se llam\u00f3 \u201cPor M\u00e9xico y sus Canciones A.C.\u201d, la cual qued\u00f3 constituida en &hellip; <a href=\"http:\/\/josemanuelcorrea.com\/?page_id=10\" class=\"more-link\">Sigue leyendo <span class=\"screen-reader-text\">Noticias<\/span> <span class=\"meta-nav\">&rarr;<\/span><\/a><\/p>\n","protected":false},"author":1,"featured_media":0,"parent":0,"menu_order":2,"comment_status":"closed","ping_status":"closed","template":"page-templates\/full-width.php","meta":[],"_links":{"self":[{"href":"http:\/\/josemanuelcorrea.com\/index.php?rest_route=\/wp\/v2\/pages\/10"}],"collection":[{"href":"http:\/\/josemanuelcorrea.com\/index.php?rest_route=\/wp\/v2\/pages"}],"about":[{"href":"http:\/\/josemanuelcorrea.com\/index.php?rest_route=\/wp\/v2\/types\/page"}],"author":[{"embeddable":true,"href":"http:\/\/josemanuelcorrea.com\/index.php?rest_route=\/wp\/v2\/users\/1"}],"replies":[{"embeddable":true,"href":"http:\/\/josemanuelcorrea.com\/index.php?rest_route=%2Fwp%2Fv2%2Fcomments&post=10"}],"version-history":[{"count":4,"href":"http:\/\/josemanuelcorrea.com\/index.php?rest_route=\/wp\/v2\/pages\/10\/revisions"}],"predecessor-version":[{"id":263,"href":"http:\/\/josemanuelcorrea.com\/index.php?rest_route=\/wp\/v2\/pages\/10\/revisions\/263"}],"wp:attachment":[{"href":"http:\/\/josemanuelcorrea.com\/index.php?rest_route=%2Fwp%2Fv2%2Fmedia&parent=10"}],"curies":[{"name":"wp","href":"https:\/\/api.w.org\/{rel}","templated":true}]}}