{"id":127,"date":"2014-08-17T06:52:54","date_gmt":"2014-08-17T06:52:54","guid":{"rendered":"http:\/\/josemanuelcorrea.com\/?page_id=127"},"modified":"2014-08-19T02:37:58","modified_gmt":"2014-08-19T02:37:58","slug":"cine","status":"publish","type":"page","link":"http:\/\/josemanuelcorrea.com\/?page_id=127","title":{"rendered":"Cine"},"content":{"rendered":"<p>Jos\u00e9 Manuel ten\u00eda la gran ilusi\u00f3n de llegar al cine nacional, sin embargo cuando las condiciones en su carrera se presentaron para iniciar en el cine, \u00e9ste se encontraba inundado por producciones de car\u00e1cter c\u00f3mico y er\u00f3tico en pocas palabras pel\u00edculas de ficheras, a las que tuvo invitaci\u00f3n para participar., mismas que deneg\u00f3. Sin embargo en Video Cine particip\u00f3 en pel\u00edculas como Gente sin Ley en la que comparte estelares con el reconocido actor Antonio Raxel y el cantante El Indio Emilio G\u00e1lvez y protagoniz\u00f3 la pel\u00edcula El Desempleado que tiene referencia con una de sus canciones.<\/p>\n<div id='gallery-1' class='gallery galleryid-127 gallery-columns-3 gallery-size-thumbnail'><figure class='gallery-item'>\n\t\t\t<div class='gallery-icon landscape'>\n\t\t\t\t<a href='http:\/\/josemanuelcorrea.com\/?attachment_id=182'><img width=\"150\" height=\"150\" src=\"http:\/\/josemanuelcorrea.com\/wp-content\/uploads\/2014\/08\/JMC-el-Desempleado-150x150.png\" class=\"attachment-thumbnail size-thumbnail\" alt=\"\" decoding=\"async\" loading=\"lazy\" aria-describedby=\"gallery-1-182\" \/><\/a>\n\t\t\t<\/div>\n\t\t\t\t<figcaption class='wp-caption-text gallery-caption' id='gallery-1-182'>\n\t\t\t\tJMC el Desempleado\n\t\t\t\t<\/figcaption><\/figure><figure class='gallery-item'>\n\t\t\t<div class='gallery-icon landscape'>\n\t\t\t\t<a href='http:\/\/josemanuelcorrea.com\/?attachment_id=183'><img width=\"150\" height=\"123\" src=\"http:\/\/josemanuelcorrea.com\/wp-content\/uploads\/2014\/08\/JMC-c-Robert-Dante-Siboldi-150x123.png\" class=\"attachment-thumbnail size-thumbnail\" alt=\"\" decoding=\"async\" loading=\"lazy\" aria-describedby=\"gallery-1-183\" \/><\/a>\n\t\t\t<\/div>\n\t\t\t\t<figcaption class='wp-caption-text gallery-caption' id='gallery-1-183'>\n\t\t\t\tJMC c Robert Dante Siboldi\n\t\t\t\t<\/figcaption><\/figure><figure class='gallery-item'>\n\t\t\t<div class='gallery-icon landscape'>\n\t\t\t\t<a href='http:\/\/josemanuelcorrea.com\/?attachment_id=180'><img width=\"150\" height=\"150\" src=\"http:\/\/josemanuelcorrea.com\/wp-content\/uploads\/2014\/08\/JMC-en-Gente-sin-Ley-150x150.png\" class=\"attachment-thumbnail size-thumbnail\" alt=\"\" decoding=\"async\" loading=\"lazy\" aria-describedby=\"gallery-1-180\" \/><\/a>\n\t\t\t<\/div>\n\t\t\t\t<figcaption class='wp-caption-text gallery-caption' id='gallery-1-180'>\n\t\t\t\tJMC en Gente sin Ley\n\t\t\t\t<\/figcaption><\/figure>\n\t\t<\/div>\n\n<p>&nbsp;<\/p>\n<p>&nbsp;<\/p>\n<p>&nbsp;<\/p>\n<p>&nbsp;<\/p>\n<p>&nbsp;<\/p>\n","protected":false},"excerpt":{"rendered":"<p>Jos\u00e9 Manuel ten\u00eda la gran ilusi\u00f3n de llegar al cine nacional, sin embargo cuando las condiciones en su carrera se presentaron para iniciar en el cine, \u00e9ste se encontraba inundado por producciones de car\u00e1cter c\u00f3mico y er\u00f3tico en pocas palabras pel\u00edculas de ficheras, a las que tuvo invitaci\u00f3n para participar., mismas que deneg\u00f3. Sin embargo &hellip; <a href=\"http:\/\/josemanuelcorrea.com\/?page_id=127\" class=\"more-link\">Sigue leyendo <span class=\"screen-reader-text\">Cine<\/span> <span class=\"meta-nav\">&rarr;<\/span><\/a><\/p>\n","protected":false},"author":1,"featured_media":0,"parent":0,"menu_order":5,"comment_status":"closed","ping_status":"closed","template":"page-templates\/full-width.php","meta":[],"_links":{"self":[{"href":"http:\/\/josemanuelcorrea.com\/index.php?rest_route=\/wp\/v2\/pages\/127"}],"collection":[{"href":"http:\/\/josemanuelcorrea.com\/index.php?rest_route=\/wp\/v2\/pages"}],"about":[{"href":"http:\/\/josemanuelcorrea.com\/index.php?rest_route=\/wp\/v2\/types\/page"}],"author":[{"embeddable":true,"href":"http:\/\/josemanuelcorrea.com\/index.php?rest_route=\/wp\/v2\/users\/1"}],"replies":[{"embeddable":true,"href":"http:\/\/josemanuelcorrea.com\/index.php?rest_route=%2Fwp%2Fv2%2Fcomments&post=127"}],"version-history":[{"count":8,"href":"http:\/\/josemanuelcorrea.com\/index.php?rest_route=\/wp\/v2\/pages\/127\/revisions"}],"predecessor-version":[{"id":186,"href":"http:\/\/josemanuelcorrea.com\/index.php?rest_route=\/wp\/v2\/pages\/127\/revisions\/186"}],"wp:attachment":[{"href":"http:\/\/josemanuelcorrea.com\/index.php?rest_route=%2Fwp%2Fv2%2Fmedia&parent=127"}],"curies":[{"name":"wp","href":"https:\/\/api.w.org\/{rel}","templated":true}]}}