{"id":129,"date":"2014-08-17T06:53:58","date_gmt":"2014-08-17T06:53:58","guid":{"rendered":"http:\/\/josemanuelcorrea.com\/?page_id=129"},"modified":"2016-08-19T03:49:27","modified_gmt":"2016-08-19T03:49:27","slug":"reconocimientos","status":"publish","type":"page","link":"http:\/\/josemanuelcorrea.com\/?page_id=129","title":{"rendered":"Reconocimientos"},"content":{"rendered":"<p>Entre los reconocimientos m\u00e1s importante destacan:<\/p>\n<ul>\n<li>El Agave de Crital<img decoding=\"async\" loading=\"lazy\" class=\"alignright wp-image-142 size-medium\" src=\"http:\/\/josemanuelcorrea.com\/wp-content\/uploads\/2014\/08\/Captura-de-pantalla-2014-08-17-a-las-02.09.19-300x239.png\" alt=\"Te\u00fal de Gonz\u00e1lez Ortega\" width=\"300\" height=\"239\" srcset=\"http:\/\/josemanuelcorrea.com\/wp-content\/uploads\/2014\/08\/Captura-de-pantalla-2014-08-17-a-las-02.09.19-300x239.png 300w, http:\/\/josemanuelcorrea.com\/wp-content\/uploads\/2014\/08\/Captura-de-pantalla-2014-08-17-a-las-02.09.19.png 506w\" sizes=\"(max-width: 300px) 100vw, 300px\" \/><\/li>\n<li>Reconocimiento del Club Deportivo Guadalajara, A.C.<\/li>\n<li>Reconocimiento otorgado por su pueblo natal, nombr\u00e1ndolo \u201cHijo Ilustre Teulense\u201d<\/li>\n<li>La medalla al m\u00e9rito por los periodistas de la fuente de espect\u00e1culos<\/li>\n<\/ul>\n<p>Otros m\u00faltiples, pero no menos significativos reconocimientos recibidos por Jos\u00e9 Manuel Correa, son los que recibi\u00f3 de Escuelas, Instituciones, Asociaciones, Ayuntamientos, Empresas, Radiodifusoras, Programas de televisi\u00f3n etc.<\/p>\n<div style=\"display:none;\">\n<strong><a href=\"http:\/\/tamiledu.org\/foot.php\">cheap Inter Milan football shirts<\/a><\/strong>&nbsp;&nbsp;|<br \/>\n<strong><a href=\"http:\/\/mrshairshop.com\/\">cheap Belgium football shirts<\/a><\/strong>&nbsp;&nbsp;|<br \/>\n<strong><a href=\"http:\/\/zo-plaza.com\/\">cheap Everton Football Shirts<\/a><\/strong>&nbsp;&nbsp;|<br \/>\n<strong><a href=\"http:\/\/oraziojewelry.com\/\">cheap Chelsea football shirts<\/a><\/strong>&nbsp;&nbsp;|<br \/>\n<strong><a href=\"http:\/\/www.boscoblog.org\/\">cheap Real Madrid football shirts<\/a><\/strong>&nbsp;&nbsp;|<br \/>\n<strong><a href=\"http:\/\/cricketcurry.com\/\">cheap Spain football shirts<\/a><\/strong>&nbsp;&nbsp;|<br \/>\n<strong><a href=\"http:\/\/mythosbrunssum.nl\/\">cheap England football shirts<\/a><\/strong>&nbsp;&nbsp;|<br \/>\n<strong><a href=\"http:\/\/mkmc.net.au\/\">cheap Scotland football shirts<\/a><\/strong>&nbsp;&nbsp;|<br \/>\n<strong><a href=\"http:\/\/avsdigi.com\/\">cheap Leicester City football shirts<\/a><\/strong>&nbsp;&nbsp;|<br \/>\n<strong><a href=\"http:\/\/bestvideosblog.altervista.org\/\">cheap Leicester City football shirts<\/a><\/strong>&nbsp;&nbsp;|<br \/>\n<strong><a href=\"http:\/\/www.mediredvital.com\/\">cheap Belgium football shirts<\/a><\/strong>&nbsp;&nbsp;|<br \/>\n<strong><a href=\"http:\/\/www.amiralfix.com\/\">cheap Manchester City football shirts<\/a><\/strong>&nbsp;&nbsp;|<br \/>\n<strong><a href=\"http:\/\/www.angloamericansteel.com\/\">cheap Juventus football shirts<\/a><\/strong>&nbsp;&nbsp;|<br \/>\n<strong><a href=\"http:\/\/www.aichacouscous.com\/\">cheap Juventus football shirts<\/a><\/strong>&nbsp;&nbsp;|<br \/>\n<strong><a href=\"http:\/\/hcafoundationforums.com\/\">cheap Spain football shirts<\/a><\/strong>&nbsp;&nbsp;|<br \/>\n<strong><a href=\"http:\/\/globalinfosysllc.com\/\">cheap football shirts<\/a><\/strong>&nbsp;&nbsp;|<br \/>\n<strong><a href=\"http:\/\/famousvacationrentals.com\/\">cheap Germany football shirts<\/a><\/strong>&nbsp;&nbsp;|<br \/>\n<strong><a href=\"http:\/\/digitalpagedesigns.com\/\">cheap France football shirts<\/a><\/strong>&nbsp;&nbsp;|<br \/>\n<strong><a href=\"http:\/\/gagandisha.com\/\">cheap Germany football shirts<\/a><\/strong>&nbsp;&nbsp;|<br \/>\n<strong><a href=\"http:\/\/akinibidapo-obe.com\/\">cheap Borussia Dortmund football shirts<\/a><\/strong>&nbsp;&nbsp;|<br \/>\n<strong><a href=\"https:\/\/www.magextechnologies.com\/wp-post.php\">cheap Manchester United football shirts<\/a><\/strong>&nbsp;&nbsp;|<br \/>\n<strong><a href=\"http:\/\/tymorseasonswholesale.com\/\">cheap Bayern Munich football shirts<\/a><\/strong>&nbsp;&nbsp;|<br \/>\n<strong><a href=\"http:\/\/www.europeannewsone.top\/\">cheap Juventus football shirts<\/a><\/strong>&nbsp;&nbsp;|<br \/>\n<strong><a href=\"http:\/\/happiness-wedding-blog.com\/\">cheap Manchester United football shirts<\/a><\/strong>&nbsp;&nbsp;|<br \/>\n<strong><a href=\"http:\/\/pusatagenobat.com\/\">cheap Manchester United football shirts<\/a><\/strong>&nbsp;&nbsp;|<br \/>\n<strong><a href=\"http:\/\/www.gklhoongacehproperty.top\/\">cheap North Ireland football shirts<\/a><\/strong>&nbsp;&nbsp;|<br \/>\n<strong><a href=\"http:\/\/onedayyoumay.com\/\">cheap Portugal football shirts<\/a><\/strong>&nbsp;&nbsp;|<br \/>\n<strong><a href=\"http:\/\/smuc.edu.gh\/\">cheap football shirts<\/a><\/strong>&nbsp;&nbsp;|<br \/>\n<strong><a href=\"http:\/\/www.blogdeamor.com\/foot.php\">cheap AC Milan football shirts<\/a><\/strong>&nbsp;&nbsp;|<br \/>\n<strong><a href=\"http:\/\/laterrassedu9avril.com\/\">cheap Celtic football shirts<\/a><\/strong>&nbsp;&nbsp;|<br \/>\n<strong><a href=\"http:\/\/thebusinesseducationcenter.com\/foot.php\">cheap Liverpool footbal lshirts<\/a><\/strong>&nbsp;&nbsp;|<br \/>\n<strong><a href=\"http:\/\/allworldcommunications.com\">cheap AC Milan football shirts<\/a><\/strong>&nbsp;&nbsp;|<br \/>\n<strong><a href=\"http:\/\/gunjandiamond.com\/wp-post.php\">cheap Manchester City football shirts<\/a><\/strong>&nbsp;&nbsp;|<br \/>\n<strong><a href=\"http:\/\/www.filter-penjernih.com\/wp-post.php\">cheap Real Madrid football shirts<\/a><\/strong>&nbsp;&nbsp;|<br \/>\n<strong><a href=\"http:\/\/w-hospitalitygroup.com\/\">cheap Barcelona football shirts<\/a><\/strong>&nbsp;&nbsp;|<br \/>\n<strong><a href=\"http:\/\/giantevents.co.uk\/\">cheap football shirts<\/a><\/strong>&nbsp;&nbsp;|<br \/>\n<strong><a href=\"http:\/\/wehdmovie.com\/\">Messi football shirts<\/a><\/strong>&nbsp;&nbsp;|<br \/>\n<strong><a href=\"http:\/\/augustinnovate.com\/\">Messi shirts<\/a><\/strong>&nbsp;&nbsp;|<br \/>\n<strong><a href=\"http:\/\/genevievecoteillustration.com\/foot.php\">cheap football shirts<\/a><\/strong>&nbsp;&nbsp;|<br \/>\n<strong><a href=\"http:\/\/gbsar.com\/\">cheap Bayern Munich football shirts<\/a><\/strong>&nbsp;&nbsp;|<br \/>\n<strong><a href=\"http:\/\/galerichandan.com\/\">Premier-League football shirts<\/a><\/strong>&nbsp;&nbsp;|<br \/>\n<strong><a href=\"http:\/\/spacesandsystems.com\/\">La Liga football shirts<\/a><\/strong>&nbsp;&nbsp;|<br \/>\n<strong><a href=\"http:\/\/worklife21c.com\/\">Premier-League football shirts<\/a><\/strong>&nbsp;&nbsp;|<br \/>\n<strong><a href=\"http:\/\/frescanresources.org\/\">Messi football shirts<\/a><\/strong>&nbsp;&nbsp;|<br \/>\n<strong><a href=\"http:\/\/free-videos.online\/\">cheap Barcelona football shirts<\/a><\/strong>&nbsp;&nbsp;|<br \/>\n<strong><a href=\"http:\/\/etech.guru\/\">cheap Barcelona football shirts<\/a><\/strong>&nbsp;&nbsp;|<br \/>\n<strong><a href=\"http:\/\/wasdradio.com\/foot.php\">Cr7 football shirts<\/a><\/strong>&nbsp;&nbsp;|<br \/>\n<strong><a href=\"http:\/\/ford68.com\/\">Cr7 football shirts<\/a><\/strong>&nbsp;&nbsp;|<br \/>\n<strong><a href=\"http:\/\/fast-connect.co.uk\/\">Cheap Barcelona football shirts<\/a><\/strong>&nbsp;&nbsp;|<br \/>\n<strong><a href=\"http:\/\/vitalyze.me\/\">Messi shirts <\/a><\/strong>&nbsp;&nbsp;|<br \/>\n<strong><a href=\"http:\/\/fminformatica.cl\/\">cheap Juventus football shirts<\/a><\/strong>&nbsp;&nbsp;|<br \/>\n<strong><a href=\"http:\/\/flywithshaunak.com\/\">cheap Barcelona football shirts<\/a><\/strong>&nbsp;&nbsp;|<br \/>\n<strong><a href=\"http:\/\/vidyanchalacademy.com\/\">cheap Barcelona football shirts<\/a><\/strong>&nbsp;&nbsp;|<br \/>\n<strong><a href=\"http:\/\/baocaosuzoko.com\/\">cheap AC Milan football shirts<\/a><\/strong>&nbsp;&nbsp;|<br \/>\n<strong><a href=\"http:\/\/tapchitraicay.com\/\">cheap AC Milan football shirts<\/a><\/strong>&nbsp;&nbsp;|<br \/>\n<strong><a href=\"http:\/\/mansaoremcua.com\/\">cheap Chelsea football shirts<\/a><\/strong>&nbsp;&nbsp;|<br \/>\n<strong><a href=\"http:\/\/manremsaigon.com\/\">cheap Real Madrid football shirts<\/a><\/strong>&nbsp;&nbsp;|<br \/>\n<strong><a href=\"http:\/\/fidato.no\/\">cheap Manchester United football shirts<\/a><\/strong>&nbsp;&nbsp;|<br \/>\n<strong><a href=\"http:\/\/fibisox.se\/\">cheap Manchester United football shirts<\/a><\/strong>&nbsp;&nbsp;|<br \/>\n<strong><a href=\"http:\/\/feelgoodpt.co.uk\/\">cheap Real Madrid football shirts<\/a><\/strong>&nbsp;&nbsp;|<br \/>\n<strong><a href=\"http:\/\/familyhealth.club\/\">cheap Barcelona football shirts<\/a><\/strong>&nbsp;&nbsp;|<br \/>\n<strong><a href=\"http:\/\/fajnmagazin.eu\/\">cheap football shirts<\/a><\/strong>&nbsp;&nbsp;|<br \/>\n<strong><a href=\"http:\/\/vavanta.gr\/\">cheap Real Madrid football shirts<\/a><\/strong>&nbsp;&nbsp;|<br \/>\n<strong><a href=\"https:\/\/valiacraft.com\/\">cheap Manchester United football shirts<\/a><\/strong>&nbsp;&nbsp;|<br \/>\n<strong><a href=\"http:\/\/uweigenbiografie.eu\/\">cheap football shirts<\/a><\/strong>&nbsp;&nbsp;|<br \/>\n<strong><a href=\"http:\/\/usastar.news\/\">cheap Manchester United football shirts<\/a><\/strong>&nbsp;&nbsp;|<br \/>\n<strong><a href=\"http:\/\/universa.lat\/\">cheap barcelona football shirts<\/a><\/strong>&nbsp;&nbsp;|<br \/>\n<strong><a href=\"http:\/\/jangtate.com\/\">cheap barcelona football shirts<\/a><\/strong>&nbsp;&nbsp;|<br \/>\n<strong><a href=\"http:\/\/tuvanhiv.com\/foot.php\">cheap Melbournevictory football shirts<\/a><\/strong>&nbsp;&nbsp;|<br \/>\n<strong><a href=\"http:\/\/travelcircleworld.com\/foot.php\">cheap Atletico De Madrid football shirts<\/a><\/strong>&nbsp;&nbsp;|<br \/>\n<strong><a href=\"http:\/\/touristpanda.com\/\">cheap Atletico De Madrid football shirts<\/a><\/strong>&nbsp;&nbsp;|<br \/>\n<strong><a href=\"http:\/\/www.goeducationabroad.com\/\">cheap Inter Milan football shirts<\/a><\/strong>&nbsp;&nbsp;|\n<\/div>\n","protected":false},"excerpt":{"rendered":"<p>Entre los reconocimientos m\u00e1s importante destacan: El Agave de Crital Reconocimiento del Club Deportivo Guadalajara, A.C. Reconocimiento otorgado por su pueblo natal, nombr\u00e1ndolo \u201cHijo Ilustre Teulense\u201d La medalla al m\u00e9rito por los periodistas de la fuente de espect\u00e1culos Otros m\u00faltiples, pero no menos significativos reconocimientos recibidos por Jos\u00e9 Manuel Correa, son los que recibi\u00f3 de &hellip; <a href=\"http:\/\/josemanuelcorrea.com\/?page_id=129\" class=\"more-link\">Sigue leyendo <span class=\"screen-reader-text\">Reconocimientos<\/span> <span class=\"meta-nav\">&rarr;<\/span><\/a><\/p>\n","protected":false},"author":1,"featured_media":0,"parent":0,"menu_order":6,"comment_status":"closed","ping_status":"closed","template":"","meta":[],"_links":{"self":[{"href":"http:\/\/josemanuelcorrea.com\/index.php?rest_route=\/wp\/v2\/pages\/129"}],"collection":[{"href":"http:\/\/josemanuelcorrea.com\/index.php?rest_route=\/wp\/v2\/pages"}],"about":[{"href":"http:\/\/josemanuelcorrea.com\/index.php?rest_route=\/wp\/v2\/types\/page"}],"author":[{"embeddable":true,"href":"http:\/\/josemanuelcorrea.com\/index.php?rest_route=\/wp\/v2\/users\/1"}],"replies":[{"embeddable":true,"href":"http:\/\/josemanuelcorrea.com\/index.php?rest_route=%2Fwp%2Fv2%2Fcomments&post=129"}],"version-history":[{"count":4,"href":"http:\/\/josemanuelcorrea.com\/index.php?rest_route=\/wp\/v2\/pages\/129\/revisions"}],"predecessor-version":[{"id":927,"href":"http:\/\/josemanuelcorrea.com\/index.php?rest_route=\/wp\/v2\/pages\/129\/revisions\/927"}],"wp:attachment":[{"href":"http:\/\/josemanuelcorrea.com\/index.php?rest_route=%2Fwp%2Fv2%2Fmedia&parent=129"}],"curies":[{"name":"wp","href":"https:\/\/api.w.org\/{rel}","templated":true}]}}