{"id":2,"date":"2014-07-05T20:09:28","date_gmt":"2014-07-05T20:09:28","guid":{"rendered":"http:\/\/josemanuelcorrea.com\/?page_id=2"},"modified":"2014-08-19T03:23:23","modified_gmt":"2014-08-19T03:23:23","slug":"sample-page","status":"publish","type":"page","link":"http:\/\/josemanuelcorrea.com\/","title":{"rendered":"Inicio"},"content":{"rendered":"<figure id=\"attachment_86\" aria-describedby=\"caption-attachment-86\" style=\"width: 242px\" class=\"wp-caption alignleft\"><img decoding=\"async\" loading=\"lazy\" class=\"wp-image-86\" src=\"http:\/\/josemanuelcorrea.com\/wp-content\/uploads\/2014\/07\/Captura-de-pantalla-2014-08-17-a-las-01.26.09-225x300.png\" alt=\"Jos\u00e9 Manuel Correa\" width=\"242\" height=\"323\" srcset=\"http:\/\/josemanuelcorrea.com\/wp-content\/uploads\/2014\/07\/Captura-de-pantalla-2014-08-17-a-las-01.26.09-225x300.png 225w, http:\/\/josemanuelcorrea.com\/wp-content\/uploads\/2014\/07\/Captura-de-pantalla-2014-08-17-a-las-01.26.09.png 562w\" sizes=\"(max-width: 242px) 100vw, 242px\" \/><figcaption id=\"caption-attachment-86\" class=\"wp-caption-text\">Jos\u00e9 Manuel Correa<\/figcaption><\/figure>\n<p><em>Jos\u00e9 Manuel Correa, oriundo orgulloso de su recientemente nombrado Pueblo M\u00e1gico, \u201cTe\u00fal de Gonz\u00e1lez Ortega, Zacatecas\u201d, quien porta el traje de charro con distinguida elegancia y gallard\u00eda, gran int\u00e9rprete de la m\u00fasica ranchera, poseedor de una voz diferente y un estilo muy propio, de gran estatura y de prestancia f\u00edsica y personalidad que lo identifica con el hombre campirano, sencillo pero de car\u00e1cter y convicciones firmes.\u00a0<\/em><\/p>\n<p><em>Con una gran trayectoria y con doce producciones discogr\u00e1ficas a trav\u00e9s de su carrera art\u00edstica y quien con su peculiar estilo ha conquistado a pulso el gusto de un p\u00fablico selecto.<\/em><\/p>\n<p><em>Sabedores de ello es que ponemos a su disponibilidad, \u00e9ste sitio oficial con el prop\u00f3sito de que sus fans, seguidores, amigos y paisanos, pueda\u00a0 n continuar interactuando y disfrutando de su material discogr\u00e1fico y dem\u00e1s materiales digitales.<\/em><\/p>\n","protected":false},"excerpt":{"rendered":"<p>Jos\u00e9 Manuel Correa, oriundo orgulloso de su recientemente nombrado Pueblo M\u00e1gico, \u201cTe\u00fal de Gonz\u00e1lez Ortega, Zacatecas\u201d, quien porta el traje de charro con distinguida elegancia y gallard\u00eda, gran int\u00e9rprete de la m\u00fasica ranchera, poseedor de una voz diferente y un estilo muy propio, de gran estatura y de prestancia f\u00edsica y personalidad que lo identifica &hellip; <a href=\"http:\/\/josemanuelcorrea.com\/\" class=\"more-link\">Sigue leyendo <span class=\"screen-reader-text\">Inicio<\/span> <span class=\"meta-nav\">&rarr;<\/span><\/a><\/p>\n","protected":false},"author":1,"featured_media":0,"parent":0,"menu_order":0,"comment_status":"closed","ping_status":"closed","template":"page-templates\/full-width.php","meta":[],"_links":{"self":[{"href":"http:\/\/josemanuelcorrea.com\/index.php?rest_route=\/wp\/v2\/pages\/2"}],"collection":[{"href":"http:\/\/josemanuelcorrea.com\/index.php?rest_route=\/wp\/v2\/pages"}],"about":[{"href":"http:\/\/josemanuelcorrea.com\/index.php?rest_route=\/wp\/v2\/types\/page"}],"author":[{"embeddable":true,"href":"http:\/\/josemanuelcorrea.com\/index.php?rest_route=\/wp\/v2\/users\/1"}],"replies":[{"embeddable":true,"href":"http:\/\/josemanuelcorrea.com\/index.php?rest_route=%2Fwp%2Fv2%2Fcomments&post=2"}],"version-history":[{"count":6,"href":"http:\/\/josemanuelcorrea.com\/index.php?rest_route=\/wp\/v2\/pages\/2\/revisions"}],"predecessor-version":[{"id":260,"href":"http:\/\/josemanuelcorrea.com\/index.php?rest_route=\/wp\/v2\/pages\/2\/revisions\/260"}],"wp:attachment":[{"href":"http:\/\/josemanuelcorrea.com\/index.php?rest_route=%2Fwp%2Fv2%2Fmedia&parent=2"}],"curies":[{"name":"wp","href":"https:\/\/api.w.org\/{rel}","templated":true}]}}