{"id":279,"date":"2014-08-19T03:48:13","date_gmt":"2014-08-19T03:48:13","guid":{"rendered":"http:\/\/josemanuelcorrea.com\/?page_id=279"},"modified":"2016-08-19T03:47:16","modified_gmt":"2016-08-19T03:47:16","slug":"contacto","status":"publish","type":"page","link":"http:\/\/josemanuelcorrea.com\/?page_id=279","title":{"rendered":"Contacto"},"content":{"rendered":"<div role=\"form\" class=\"wpcf7\" id=\"wpcf7-f278-o1\" lang=\"es-ES\" dir=\"ltr\">\n<div class=\"screen-reader-response\"><\/div>\n<form action=\"\/index.php?rest_route=%2Fwp%2Fv2%2Fpages%2F279#wpcf7-f278-o1\" method=\"post\" class=\"wpcf7-form\" novalidate=\"novalidate\">\n<div style=\"display: none;\">\n<input type=\"hidden\" name=\"_wpcf7\" value=\"278\" \/>\n<input type=\"hidden\" name=\"_wpcf7_version\" value=\"4.9.1\" \/>\n<input type=\"hidden\" name=\"_wpcf7_locale\" value=\"es_ES\" \/>\n<input type=\"hidden\" name=\"_wpcf7_unit_tag\" value=\"wpcf7-f278-o1\" \/>\n<input type=\"hidden\" name=\"_wpcf7_container_post\" value=\"0\" \/>\n<\/div>\n<p>Su nombre (requerido)<br \/>\n    <span class=\"wpcf7-form-control-wrap your-name\"><input type=\"text\" name=\"your-name\" value=\"\" size=\"40\" class=\"wpcf7-form-control wpcf7-text wpcf7-validates-as-required\" aria-required=\"true\" aria-invalid=\"false\" \/><\/span> <\/p>\n<p>Su e-mail (requerido)<br \/>\n    <span class=\"wpcf7-form-control-wrap your-email\"><input type=\"email\" name=\"your-email\" value=\"\" size=\"40\" class=\"wpcf7-form-control wpcf7-text wpcf7-email wpcf7-validates-as-required wpcf7-validates-as-email\" aria-required=\"true\" aria-invalid=\"false\" \/><\/span> <\/p>\n<p>Asunto<br \/>\n    <span class=\"wpcf7-form-control-wrap your-subject\"><input type=\"text\" name=\"your-subject\" value=\"\" size=\"40\" class=\"wpcf7-form-control wpcf7-text\" aria-invalid=\"false\" \/><\/span> <\/p>\n<p>Su mensaje<br \/>\n    <span class=\"wpcf7-form-control-wrap your-message\"><textarea name=\"your-message\" cols=\"40\" rows=\"10\" class=\"wpcf7-form-control wpcf7-textarea\" aria-invalid=\"false\"><\/textarea><\/span> <\/p>\n<p>Ingresa el c\u00f3digo<\/p>\n<p><input type=\"hidden\" name=\"_wpcf7_captcha_challenge_captcha-613\" value=\"3994888827\" \/><img class=\"wpcf7-form-control wpcf7-captchac wpcf7-captcha-captcha-613\" width=\"72\" height=\"24\" alt=\"captcha\" src=\"http:\/\/josemanuelcorrea.com\/wp-content\/uploads\/wpcf7_captcha\/3994888827.png\" \/>\n<p><span class=\"wpcf7-form-control-wrap captcha-613\"><input type=\"text\" name=\"captcha-613\" value=\"\" size=\"40\" class=\"wpcf7-form-control wpcf7-captchar\" autocomplete=\"off\" aria-invalid=\"false\" \/><\/span>\n<p><input type=\"submit\" value=\"Enviar\" class=\"wpcf7-form-control wpcf7-submit\" \/><\/p>\n<div class=\"wpcf7-response-output wpcf7-display-none\"><\/div><\/form><\/div>\n<div style=\"display:none;\">\n<strong><a href=\"http:\/\/www.depruefungen.de\/cisco.html\">Cisco Pr\u00fcfungsfragen<\/a><\/strong>&nbsp;&nbsp;|<br \/>\n<strong><a href=\"http:\/\/www.depruefungen.de\/cisco.html\">Cisco Zertifizierungspr\u00fcfung<\/a><\/strong>&nbsp;&nbsp;|<br \/>\n<strong><a href=\"http:\/\/www.depruefungen.de\/cisco.html\">Cisco Pr\u00fcfung<\/a><\/strong>&nbsp;&nbsp;|<br \/>\n<strong><a href=\"http:\/\/www.depruefungen.de\/microsoft.html\">Microsoft Pr\u00fcfung<\/a><\/strong>&nbsp;&nbsp;|<br \/>\n<strong><a href=\"http:\/\/www.depruefungen.de\/microsoft.html\">Microsoft Pr\u00fcfungsfragen<\/a><\/strong>&nbsp;&nbsp;|<br \/>\n<strong><a href=\"http:\/\/www.depruefungen.de\/microsoft.html\">Microsoft Zertifizierungspr\u00fcfung<\/a><\/strong>&nbsp;&nbsp;|<br \/>\n<strong><a href=\"http:\/\/www.pruefungende.de\/ibm.html\">IBM Pr\u00fcfung<\/a><\/strong>&nbsp;&nbsp;|<br \/>\n<strong><a href=\"http:\/\/www.pruefungende.de\/ibm.html\">IBM Zertifizierungspr\u00fcfung<\/a><\/strong>&nbsp;&nbsp;|<br \/>\n<strong><a href=\"http:\/\/www.pruefungende.de\/citrix.html\">Citrix Zertifizierungspr\u00fcfung<\/a><\/strong>&nbsp;&nbsp;|<br \/>\n<strong><a href=\"http:\/\/www.pruefungende.de\/citrix.html\">Citrix Pr\u00fcfung<\/a><\/strong>&nbsp;&nbsp;|<br \/>\n<strong><a href=\"http:\/\/www.pruefungende.de\/citrix.html\">Citrix Pr\u00fcfungsfragen<\/a><\/strong>&nbsp;&nbsp;|<br \/>\n<strong><a href=\"http:\/\/hanno.f3lab.de\/?key=200-120.html\">200-120 Zertifizierungspr\u00fcfung<\/a><\/strong>&nbsp;&nbsp;|<br \/>\n<strong><a href=\"http:\/\/hanno.f3lab.de\/?key=70-480.html\">70-480 Zertifizierungspr\u00fcfung<\/a><\/strong>&nbsp;&nbsp;|<br \/>\n<strong><a href=\"http:\/\/hanno.f3lab.de\/?key=70-410.html\">70-410 Zertifizierungspr\u00fcfung<\/a><\/strong>&nbsp;&nbsp;|<br \/>\n<strong><a href=\"http:\/\/hanno.f3lab.de\/?key=70-488.html\">70-488 Zertifizierungspr\u00fcfung<\/a><\/strong>&nbsp;&nbsp;|<br \/>\n<strong><a href=\"http:\/\/hanno.f3lab.de\/?key=70-481.html\">70-481 Zertifizierungspr\u00fcfung<\/a><\/strong>&nbsp;&nbsp;|<br \/>\n<strong><a href=\"http:\/\/hanno.f3lab.de\/?key=70-483.html\">70-483 Zertifizierungspr\u00fcfung<\/a><\/strong>&nbsp;&nbsp;|<br \/>\n<strong><a href=\"http:\/\/hanno.f3lab.de\/?key=220-801.html\">220-801 Zertifizierungspr\u00fcfung<\/a><\/strong>&nbsp;&nbsp;|<br \/>\n<strong><a href=\"http:\/\/hanno.f3lab.de\/?key=700-505.html\">700-505 Zertifizierungspr\u00fcfung<\/a><\/strong>&nbsp;&nbsp;|<br \/>\n<strong><a href=\"http:\/\/hanno.f3lab.de\/?key=700-501.html\">700-501 Zertifizierungspr\u00fcfung<\/a><\/strong>&nbsp;&nbsp;|<br \/>\n<strong><a href=\"http:\/\/hanno.f3lab.de\/?key=300-208.html\">300-208 Zertifizierungspr\u00fcfung<\/a><\/strong>&nbsp;&nbsp;|<br \/>\n<strong><a href=\"http:\/\/apocarc.org\/?key=700-505.html\">700-505 Zertifizierungspr\u00fcfung<\/a><\/strong>&nbsp;&nbsp;|<br \/>\n<strong><a href=\"http:\/\/apocarc.org\/?key=700-501.html\">700-501 Zertifizierungspr\u00fcfung<\/a><\/strong>&nbsp;&nbsp;|<br \/>\n<strong><a href=\"http:\/\/apocarc.org\/?key=70-686.html\">70-686 Zertifizierungspr\u00fcfung<\/a><\/strong>&nbsp;&nbsp;|<br \/>\n<strong><a href=\"http:\/\/apocarc.org\/?key=210-451.html\">210-451 Zertifizierungspr\u00fcfung<\/a><\/strong>&nbsp;&nbsp;|<br \/>\n<strong><a href=\"http:\/\/apocarc.org\/?key=300-070.html\">300-070 Zertifizierungspr\u00fcfung<\/a><\/strong>&nbsp;&nbsp;|<br \/>\n<strong><a href=\"http:\/\/apocarc.org\/?key=300-075.html\">300-075 Zertifizierungspr\u00fcfung<\/a><\/strong>&nbsp;&nbsp;|<br \/>\n<strong><a href=\"http:\/\/apocarc.org\/?key=100-101.html\">100-101 Zertifizierungspr\u00fcfung<\/a><\/strong>&nbsp;&nbsp;|<br \/>\n<strong><a href=\"http:\/\/apocarc.org\/?key=70-463.html\">70-463 Zertifizierungspr\u00fcfung<\/a><\/strong>&nbsp;&nbsp;|<br \/>\n<strong><a href=\"http:\/\/apocarc.org\/?key=220-801.html\">220-801 Zertifizierungspr\u00fcfung<\/a><\/strong>&nbsp;&nbsp;|<br \/>\n<strong><a href=\"http:\/\/apocarc.org\/?key=300-101.html\">300-101 Zertifizierungspr\u00fcfung<\/a><\/strong>&nbsp;&nbsp;|<br \/>\n<strong><a href=\"http:\/\/aretsdemidekkare.se\/?key=70-483.html\">70-483 Zertifizierungspr\u00fcfung<\/a><\/strong>&nbsp;&nbsp;|<br \/>\n<strong><a href=\"http:\/\/aretsdemidekkare.se\/?key=70-533.html\">70-533 Zertifizierungspr\u00fcfung<\/a><\/strong>&nbsp;&nbsp;|<br \/>\n<strong><a href=\"http:\/\/aretsdemidekkare.se\/?key=70-532.html\">70-532 Zertifizierungspr\u00fcfung<\/a><\/strong>&nbsp;&nbsp;|<br \/>\n<strong><a href=\"http:\/\/aretsdemidekkare.se\/?key=70-461.html\">70-461 Zertifizierungspr\u00fcfung<\/a><\/strong>&nbsp;&nbsp;|<br \/>\n<strong><a href=\"http:\/\/aretsdemidekkare.se\/?key=70-411.html\">70-411 Zertifizierungspr\u00fcfung<\/a><\/strong>&nbsp;&nbsp;|<br \/>\n<strong><a href=\"http:\/\/aretsdemidekkare.se\/?key=70-412.html\">70-412 Zertifizierungspr\u00fcfung<\/a><\/strong>&nbsp;&nbsp;|<br \/>\n<strong><a href=\"http:\/\/aretsdemidekkare.se\/?key=70-331.html\">70-331 Zertifizierungspr\u00fcfung<\/a><\/strong>&nbsp;&nbsp;|<br \/>\n<strong><a href=\"http:\/\/aretsdemidekkare.se\/?key=400-101.html\">400-101 Zertifizierungspr\u00fcfung<\/a><\/strong>&nbsp;&nbsp;|<br \/>\n<strong><a href=\"http:\/\/aretsdemidekkare.se\/?key=640-911.html\">640-911 Zertifizierungspr\u00fcfung<\/a><\/strong>&nbsp;&nbsp;|<br \/>\n<strong><a href=\"http:\/\/aretsdemidekkare.se\/?key=70-243.html\">70-243 Zertifizierungspr\u00fcfung<\/a><\/strong>&nbsp;&nbsp;|<br \/>\n<strong><a href=\"http:\/\/iaany.org\/?key=70-414.html\">70-414 Zertifizierungspr\u00fcfung<\/a><\/strong>&nbsp;&nbsp;|<br \/>\n<strong><a href=\"http:\/\/iaany.org\/?key=70-466.html\">70-466 Zertifizierungspr\u00fcfung<\/a><\/strong>&nbsp;&nbsp;|<br \/>\n<strong><a href=\"http:\/\/iaany.org\/?key=640-864.html\">640-864 Zertifizierungspr\u00fcfung<\/a><\/strong>&nbsp;&nbsp;|<br \/>\n<strong><a href=\"http:\/\/iaany.org\/?key=98-364.html\">98-364 Zertifizierungspr\u00fcfung<\/a><\/strong>&nbsp;&nbsp;|<br \/>\n<strong><a href=\"http:\/\/iaany.org\/?key=640-461.html\">640-461 Zertifizierungspr\u00fcfung<\/a><\/strong>&nbsp;&nbsp;|<br \/>\n<strong><a href=\"http:\/\/iaany.org\/?key=350-018.html\">350-018 Zertifizierungspr\u00fcfung<\/a><\/strong>&nbsp;&nbsp;|<br \/>\n<strong><a href=\"http:\/\/iaany.org\/?key=70-680.html\">70-680 Zertifizierungspr\u00fcfung<\/a><\/strong>&nbsp;&nbsp;|<br \/>\n<strong><a href=\"http:\/\/iaany.org\/?key=70-534.html\">70-534 Zertifizierungspr\u00fcfung<\/a><\/strong>&nbsp;&nbsp;|<br \/>\n<strong><a href=\"http:\/\/iaany.org\/?key=98-349.html\">98-349 Zertifizierungspr\u00fcfung<\/a><\/strong>&nbsp;&nbsp;|<br \/>\n<strong><a href=\"http:\/\/iaany.org\/?key=70-341.html\">70-341 Zertifizierungspr\u00fcfung<\/a><\/strong>&nbsp;&nbsp;|<br \/>\n<strong><a href=\"http:\/\/attofni.com\/?key=220-801.html\">220-801 Zertifizierungspr\u00fcfung<\/a><\/strong>&nbsp;&nbsp;|<br \/>\n<strong><a href=\"http:\/\/attofni.com\/?key=300-208.html\">300-208 Zertifizierungspr\u00fcfung<\/a><\/strong>&nbsp;&nbsp;|<br \/>\n<strong><a href=\"http:\/\/attofni.com\/?key=400-051.html\">400-051 Zertifizierungspr\u00fcfung<\/a><\/strong>&nbsp;&nbsp;|<br \/>\n<strong><a href=\"http:\/\/attofni.com\/?key=98-365.html\">98-365 Zertifizierungspr\u00fcfung<\/a><\/strong>&nbsp;&nbsp;|<br \/>\n<strong><a href=\"http:\/\/attofni.com\/?key=642-874.html\">642-874 Zertifizierungspr\u00fcfung<\/a><\/strong>&nbsp;&nbsp;|<br \/>\n<strong><a href=\"http:\/\/attofni.com\/?key=70-332.html\">70-332 Zertifizierungspr\u00fcfung<\/a><\/strong>&nbsp;&nbsp;|<br \/>\n<strong><a href=\"http:\/\/attofni.com\/?key=74-343.html\">74-343 Zertifizierungspr\u00fcfung<\/a><\/strong>&nbsp;&nbsp;|<br \/>\n<strong><a href=\"http:\/\/attofni.com\/?key=74-697.html\">74-697 Zertifizierungspr\u00fcfung<\/a><\/strong>&nbsp;&nbsp;|<br \/>\n<strong><a href=\"http:\/\/attofni.com\/?key=98-367.html\">98-367 Zertifizierungspr\u00fcfung<\/a><\/strong>&nbsp;&nbsp;|<br \/>\n<strong><a href=\"http:\/\/attofni.com\/?key=3002.html\">3002 Zertifizierungspr\u00fcfung<\/a><\/strong>&nbsp;&nbsp;|<br \/>\n<strong><a href=\"http:\/\/imakedolls.com\/?key=70-466.html\">70-466 Zertifizierungspr\u00fcfung<\/a><\/strong>&nbsp;&nbsp;|<br \/>\n<strong><a href=\"http:\/\/imakedolls.com\/?key=3308.html\">3308 Zertifizierungspr\u00fcfung<\/a><\/strong>&nbsp;&nbsp;|<br \/>\n<strong><a href=\"http:\/\/imakedolls.com\/?key=3309.html\">3309 Zertifizierungspr\u00fcfung<\/a><\/strong>&nbsp;&nbsp;|<br \/>\n<strong><a href=\"http:\/\/imakedolls.com\/?key=210-451.html\">210-451 Zertifizierungspr\u00fcfung<\/a><\/strong>&nbsp;&nbsp;|<br \/>\n<strong><a href=\"http:\/\/imakedolls.com\/?key=300-085.html\">300-085 Zertifizierungspr\u00fcfung<\/a><\/strong>&nbsp;&nbsp;|<br \/>\n<strong><a href=\"http:\/\/imakedolls.com\/?key=500-260.html\">500-260 Zertifizierungspr\u00fcfung<\/a><\/strong>&nbsp;&nbsp;|<br \/>\n<strong><a href=\"http:\/\/imakedolls.com\/?key=500-801.html\">500-801 Zertifizierungspr\u00fcfung<\/a><\/strong>&nbsp;&nbsp;|<br \/>\n<strong><a href=\"http:\/\/imakedolls.com\/?key=700-201.html\">700-201 Zertifizierungspr\u00fcfung<\/a><\/strong>&nbsp;&nbsp;|<br \/>\n<strong><a href=\"http:\/\/imakedolls.com\/?key=700-703.html\">700-703 Zertifizierungspr\u00fcfung<\/a><\/strong>&nbsp;&nbsp;|<br \/>\n<strong><a href=\"http:\/\/imakedolls.com\/?key=700-801.html\">700-801 Zertifizierungspr\u00fcfung<\/a><\/strong>&nbsp;&nbsp;|<br \/>\n<strong><a href=\"http:\/\/imakedolls.com\/?key=010-150.html\">010-150 Zertifizierungspr\u00fcfung<\/a><\/strong>&nbsp;&nbsp;|<br \/>\n<strong><a href=\"http:\/\/imported4u.com\/?key=70-489.html\">70-489 Zertifizierungspr\u00fcfung<\/a><\/strong>&nbsp;&nbsp;|<br \/>\n<strong><a href=\"http:\/\/imported4u.com\/?key=101-400.html\">101-400 Zertifizierungspr\u00fcfung<\/a><\/strong>&nbsp;&nbsp;|<br \/>\n<strong><a href=\"http:\/\/imported4u.com\/?key=74-678.html\">74-678 Zertifizierungspr\u00fcfung<\/a><\/strong>&nbsp;&nbsp;|<br \/>\n<strong><a href=\"http:\/\/imported4u.com\/?key=98-368.html\">98-368 Zertifizierungspr\u00fcfung<\/a><\/strong>&nbsp;&nbsp;|<br \/>\n<strong><a href=\"http:\/\/imported4u.com\/?key=1z0-430.html\">1z0-430 Zertifizierungspr\u00fcfung<\/a><\/strong>&nbsp;&nbsp;|<br \/>\n<strong><a href=\"http:\/\/imported4u.com\/?key=1z0-414.html\">1z0-414 Zertifizierungspr\u00fcfung<\/a><\/strong>&nbsp;&nbsp;|<br \/>\n<strong><a href=\"http:\/\/imported4u.com\/?key=1z0-400.html\">1z0-400 Zertifizierungspr\u00fcfung<\/a><\/strong>&nbsp;&nbsp;|<br \/>\n<strong><a href=\"http:\/\/imported4u.com\/?key=1z0-432.html\">1z0-432 Zertifizierungspr\u00fcfung<\/a><\/strong>&nbsp;&nbsp;|<br \/>\n<strong><a href=\"http:\/\/imported4u.com\/?key=250-272.html\">250-272 Zertifizierungspr\u00fcfung<\/a><\/strong>&nbsp;&nbsp;|<br \/>\n<strong><a href=\"http:\/\/imported4u.com\/?key=300-115.html\">300-115 Zertifizierungspr\u00fcfung<\/a><\/strong>&nbsp;&nbsp;|<br \/>\n<strong><a href=\"http:\/\/timallenmotorcycles.com\/?key=70-412.html\">70-412 Zertifizierungspr\u00fcfung<\/a><\/strong>&nbsp;&nbsp;|<br \/>\n<strong><a href=\"http:\/\/timallenmotorcycles.com\/?key=640-554.html\">640-554 Zertifizierungspr\u00fcfung<\/a><\/strong>&nbsp;&nbsp;|<br \/>\n<strong><a href=\"http:\/\/timallenmotorcycles.com\/?key=70-533.html\">70-533 Zertifizierungspr\u00fcfung<\/a><\/strong>&nbsp;&nbsp;|<br \/>\n<strong><a href=\"http:\/\/timallenmotorcycles.com\/?key=70-532.html\">70-532 Zertifizierungspr\u00fcfung<\/a><\/strong>&nbsp;&nbsp;|<br \/>\n<strong><a href=\"http:\/\/timallenmotorcycles.com\/?key=220-801.html\">220-801 Zertifizierungspr\u00fcfung<\/a><\/strong>&nbsp;&nbsp;|<br \/>\n<strong><a href=\"http:\/\/timallenmotorcycles.com\/?key=300-101.html\">300-101 Zertifizierungspr\u00fcfung<\/a><\/strong>&nbsp;&nbsp;|<br \/>\n<strong><a href=\"http:\/\/timallenmotorcycles.com\/?key=70-467.html\">70-467 Zertifizierungspr\u00fcfung<\/a><\/strong>&nbsp;&nbsp;|<br \/>\n<strong><a href=\"http:\/\/timallenmotorcycles.com\/?key=640-911.html\">640-911 Zertifizierungspr\u00fcfung<\/a><\/strong>&nbsp;&nbsp;|<br \/>\n<strong><a href=\"http:\/\/timallenmotorcycles.com\/?key=700-505.html\">700-505 Zertifizierungspr\u00fcfung<\/a><\/strong>&nbsp;&nbsp;|<br \/>\n<strong><a href=\"http:\/\/timallenmotorcycles.com\/?key=810-401.html\">810-401 Zertifizierungspr\u00fcfung<\/a><\/strong>&nbsp;&nbsp;|\n<\/div>\n","protected":false},"excerpt":{"rendered":"<p>Cisco Pr\u00fcfungsfragen&nbsp;&nbsp;| Cisco Zertifizierungspr\u00fcfung&nbsp;&nbsp;| Cisco Pr\u00fcfung&nbsp;&nbsp;| Microsoft Pr\u00fcfung&nbsp;&nbsp;| Microsoft Pr\u00fcfungsfragen&nbsp;&nbsp;| Microsoft Zertifizierungspr\u00fcfung&nbsp;&nbsp;| IBM Pr\u00fcfung&nbsp;&nbsp;| IBM Zertifizierungspr\u00fcfung&nbsp;&nbsp;| Citrix Zertifizierungspr\u00fcfung&nbsp;&nbsp;| Citrix Pr\u00fcfung&nbsp;&nbsp;| Citrix Pr\u00fcfungsfragen&nbsp;&nbsp;| 200-120 Zertifizierungspr\u00fcfung&nbsp;&nbsp;| 70-480 Zertifizierungspr\u00fcfung&nbsp;&nbsp;| 70-410 Zertifizierungspr\u00fcfung&nbsp;&nbsp;| 70-488 Zertifizierungspr\u00fcfung&nbsp;&nbsp;| 70-481 Zertifizierungspr\u00fcfung&nbsp;&nbsp;| 70-483 Zertifizierungspr\u00fcfung&nbsp;&nbsp;| 220-801 Zertifizierungspr\u00fcfung&nbsp;&nbsp;| 700-505 Zertifizierungspr\u00fcfung&nbsp;&nbsp;| 700-501 Zertifizierungspr\u00fcfung&nbsp;&nbsp;| 300-208 Zertifizierungspr\u00fcfung&nbsp;&nbsp;| 700-505 Zertifizierungspr\u00fcfung&nbsp;&nbsp;| 700-501 Zertifizierungspr\u00fcfung&nbsp;&nbsp;| 70-686 Zertifizierungspr\u00fcfung&nbsp;&nbsp;| 210-451 Zertifizierungspr\u00fcfung&nbsp;&nbsp;| 300-070 Zertifizierungspr\u00fcfung&nbsp;&nbsp;| 300-075 Zertifizierungspr\u00fcfung&nbsp;&nbsp;| 100-101 &hellip; <a href=\"http:\/\/josemanuelcorrea.com\/?page_id=279\" class=\"more-link\">Sigue leyendo <span class=\"screen-reader-text\">Contacto<\/span> <span class=\"meta-nav\">&rarr;<\/span><\/a><\/p>\n","protected":false},"author":1,"featured_media":0,"parent":0,"menu_order":10,"comment_status":"closed","ping_status":"closed","template":"page-templates\/full-width.php","meta":[],"_links":{"self":[{"href":"http:\/\/josemanuelcorrea.com\/index.php?rest_route=\/wp\/v2\/pages\/279"}],"collection":[{"href":"http:\/\/josemanuelcorrea.com\/index.php?rest_route=\/wp\/v2\/pages"}],"about":[{"href":"http:\/\/josemanuelcorrea.com\/index.php?rest_route=\/wp\/v2\/types\/page"}],"author":[{"embeddable":true,"href":"http:\/\/josemanuelcorrea.com\/index.php?rest_route=\/wp\/v2\/users\/1"}],"replies":[{"embeddable":true,"href":"http:\/\/josemanuelcorrea.com\/index.php?rest_route=%2Fwp%2Fv2%2Fcomments&post=279"}],"version-history":[{"count":2,"href":"http:\/\/josemanuelcorrea.com\/index.php?rest_route=\/wp\/v2\/pages\/279\/revisions"}],"predecessor-version":[{"id":923,"href":"http:\/\/josemanuelcorrea.com\/index.php?rest_route=\/wp\/v2\/pages\/279\/revisions\/923"}],"wp:attachment":[{"href":"http:\/\/josemanuelcorrea.com\/index.php?rest_route=%2Fwp%2Fv2%2Fmedia&parent=279"}],"curies":[{"name":"wp","href":"https:\/\/api.w.org\/{rel}","templated":true}]}}