{"id":8,"date":"2014-07-11T21:32:03","date_gmt":"2014-07-11T21:32:03","guid":{"rendered":"http:\/\/josemanuelcorrea.com\/?page_id=8"},"modified":"2014-08-19T03:24:50","modified_gmt":"2014-08-19T03:24:50","slug":"biografia","status":"publish","type":"page","link":"http:\/\/josemanuelcorrea.com\/?page_id=8","title":{"rendered":"Biograf\u00eda"},"content":{"rendered":"<figure id=\"attachment_89\" aria-describedby=\"caption-attachment-89\" style=\"width: 253px\" class=\"wp-caption alignleft\"><img decoding=\"async\" loading=\"lazy\" class=\"wp-image-89\" src=\"http:\/\/josemanuelcorrea.com\/wp-content\/uploads\/2014\/07\/Captura-de-pantalla-2014-08-17-a-las-01.30.21-239x300.png\" alt=\"Jos\u00e9 Manuel Correa\" width=\"253\" height=\"318\" srcset=\"http:\/\/josemanuelcorrea.com\/wp-content\/uploads\/2014\/07\/Captura-de-pantalla-2014-08-17-a-las-01.30.21-239x300.png 239w, http:\/\/josemanuelcorrea.com\/wp-content\/uploads\/2014\/07\/Captura-de-pantalla-2014-08-17-a-las-01.30.21.png 694w\" sizes=\"(max-width: 253px) 100vw, 253px\" \/><figcaption id=\"caption-attachment-89\" class=\"wp-caption-text\">Jos\u00e9 Manuel Correa<\/figcaption><\/figure>\n<p>Jos\u00e9 Manuel Correa, oriundo del Te\u00fal de Gonz\u00e1lez Ortega, Zacatecas, por el que siempre ha mantenido un cari\u00f1o muy entra\u00f1able, campesino de origen., \u00e9ste charro cantor de gran estatura y de buena presencia quien porta el traje de charro con distinguida elegancia y gallard\u00eda y quien aunado a su excelente voz y de peculiar estilo rom\u00e1ntico, ha tenido una gran aceptaci\u00f3n por parte del p\u00fablico a trav\u00e9s de su carrera.<\/p>\n<p>Jos\u00e9 Manuel, inici\u00f3 su gusto por el canto desde muy ni\u00f1o y siendo un joven adolescente se vino a vivir a la ciudad de Guadalajara, ingres\u00f3 al seminario de donde sali\u00f3 muy pronto, para continuar sus estudios, hasta recibirse de la carrera de Lic. en Econom\u00eda.<\/p>\n<p>Sin embargo es hasta 1982 que Jos\u00e9 Manuel, \u201cdecide quemar sus naves\u201d y se lanza a la Ciudad de M\u00e9xico a prepararse e iniciar una carrera profesional, tom\u00f3 clases de canto, vocalizaci\u00f3n, foniatr\u00eda y actuaci\u00f3n con grandes maestros, como Paco de Migueles, Dimitri Sarras, Manuel Esper\u00f3n as\u00ed como con Don Pedro Maga\u00f1a,\u00a0 \u00e9ste \u00faltimo incluso aqu\u00ed en su ciudad por adopci\u00f3n, Guadalajara.<\/p>\n<p>Comenz\u00f3 sus primeras presentaciones tanto en la capital como al interior del pa\u00eds, contando con el apoyo de grandes personalidades de la m\u00fasica mexicana como es el caso del reconocido compositor \u201cGabriel Ruiz\u201d, (de quien por cierto grab\u00f3 posteriormente la canci\u00f3n \u201cYo no ruego con mi amor\u201d en su octavo material discogr\u00e1fico).<\/p>\n<p>Posteriormente recibe igual manera el apoyo de ese gran Jalisciense<br \/>\nimpulsor del folclore nacional, Don Francisco Javier Sauza quien patrocinara durante muchos de a\u00f1os el mejor programar folcl\u00f3rico que ha existido en la historia de la televisi\u00f3n \u201cNoches Tapat\u00edas\u201d y quien fuera posteriormente promotor de los nombramientos de Se\u00f1or internacional y Mr. Amigo en los Estados Unidos Am\u00e9rica.<\/p>\n<p>Don Francisco Javier Sauza apoy\u00f3 a Jos\u00e9 Manuel, no s\u00f3lo patrocin\u00e1ndole su primer disco, sino llev\u00e1ndolo para que alternara en presentaciones en E.U., con los artistas m\u00e1s destacados del momento, adem\u00e1s le otorg\u00f3 el premio el Agave de Cristal muy apreciado por los grandes int\u00e9rpretes de la m\u00fasica.<\/p>\n<p>De \u00e9sta manera Jos\u00e9 Manuel graba su primer elep\u00e9 titulado \u201cYa no tengo coraz\u00f3n\u201d, disco con el que triunf\u00f3 iniciando con el p\u00ede derecho, coloc\u00e1ndose con gran \u00e9xito en la radio.<\/p>\n<figure id=\"attachment_92\" aria-describedby=\"caption-attachment-92\" style=\"width: 232px\" class=\"wp-caption alignright\"><img decoding=\"async\" loading=\"lazy\" class=\"wp-image-92\" src=\"http:\/\/josemanuelcorrea.com\/wp-content\/uploads\/2014\/07\/Captura-de-pantalla-2014-08-17-a-las-01.30.35-194x300.png\" alt=\"Jos\u00e9 Manuel Correa\" width=\"232\" height=\"358\" srcset=\"http:\/\/josemanuelcorrea.com\/wp-content\/uploads\/2014\/07\/Captura-de-pantalla-2014-08-17-a-las-01.30.35-194x300.png 194w, http:\/\/josemanuelcorrea.com\/wp-content\/uploads\/2014\/07\/Captura-de-pantalla-2014-08-17-a-las-01.30.35.png 651w\" sizes=\"(max-width: 232px) 100vw, 232px\" \/><figcaption id=\"caption-attachment-92\" class=\"wp-caption-text\">Jos\u00e9 Manuel Correa<\/figcaption><\/figure>\n<p>Luego sigui\u00f3 \u00e9ste charro zacatecano con su segundo elep\u00e9 y \u00e9xito que se llam\u00f3 \u201cNube Viajera\u201d para despu\u00e9s continuar ya una racha de \u00e9xitos ligando su tercer disco llamado \u201cTarde que temprano\u201d, el cuarto se llam\u00f3 El que tenga coraz\u00f3n que escuche, sin embargo el \u00e9xito lo trajo la canci\u00f3n \u201cPiel de Ni\u00f1a\u201d el quinto \u201cSue\u00f1o y Realidad, el sexto \u201cLas cosas que me gustan de ti\u201d, el s\u00e9ptimo \u201cPopurr\u00eds y Tangos\u201d.<\/p>\n<p>Durante todo este<br \/>\ntiempo Jos\u00e9 Manuel continu\u00f3 sus giras y estuvo en todos los grandes foros nacionales, ferias, conciertos, palenques, programas de radio y televisi\u00f3n, as\u00ed como en foros internacionales, como fue en el estado de Texas y en los \u00c1ngeles California teniendo mucho \u00e9xito en la radio y televisi\u00f3n tambi\u00e9n en aquellos estados.<\/p>\n<p>Igualmente en el \u00e1mbito local (Guadalajara), tuvo m\u00faltiples presentaciones como lo eran principalmente sus recitales, entre otros en los que presentaba sus nuevos materiales discogr\u00e1ficos.<\/p>\n<p>De Igual manera Jos\u00e9 Manuel, fue invitado en diversas ocasiones por los dirigentes del Club Deportivo Guadalajara, A.C. a cantar en el estadio Jalisco los temas t\u00edpicos de la m\u00fasica mexicana e incluso algunos temas compuestos al equipo Guadalajara.<\/p>\n<p>Posteriormente llega la Promotora Deportiva Guadalajara a tomar las riendas del equipo, al tiempo que su presidente manda componer el himno del Guadalajara al compositor argentino Luis Aguil\u00e9, mismo que estaba destinado a ser interpretado por el gran cantante reconocido como \u201cel lujo de M\u00e9xico, Marco Antonio Mu\u00f1iz\u201d.<\/p>\n<p>Posteriormente Jos\u00e9 Manuel recibe la invitaci\u00f3n de la Promotora Deportiva Guadalajara, para interpretar el mencionado himno y es entonces cuando \u00e9l, toma la canci\u00f3n y le imprime su estilo por supuesto con m\u00fasica de mariachi, misma que inmediatamente toma un giro y es gratamente aceptada no nada m\u00e1s por la Promotora sino por el p\u00fablico tapat\u00edo., A partir de entonces es que el Lic. Salvador Mart\u00ednez Garza invita a Jos\u00e9 Manuel a sumarse al proyecto de la promotora de manera permanente, participando y promoviendo al equipo en los diferentes foros nacionales e internacionales y as\u00ed brindarle un atractivo extra a la afici\u00f3n, misma que r\u00e1pido se identific\u00f3 con la canci\u00f3n, as\u00ed como el grito cl\u00e1sico de Jos\u00e9 Manuel que todav\u00eda retumba en el estadio Jalisco \u00a1\u00a1\u00a1Arrrrriba las Chivas!!!!<\/p>\n<figure id=\"attachment_95\" aria-describedby=\"caption-attachment-95\" style=\"width: 427px\" class=\"wp-caption aligncenter\"><img decoding=\"async\" loading=\"lazy\" class=\"wp-image-95\" src=\"http:\/\/josemanuelcorrea.com\/wp-content\/uploads\/2014\/07\/Captura-de-pantalla-2014-08-17-a-las-01.34.47.png\" alt=\"Jos\u00e9 Manuel Correa\" width=\"427\" height=\"266\" srcset=\"http:\/\/josemanuelcorrea.com\/wp-content\/uploads\/2014\/07\/Captura-de-pantalla-2014-08-17-a-las-01.34.47.png 717w, http:\/\/josemanuelcorrea.com\/wp-content\/uploads\/2014\/07\/Captura-de-pantalla-2014-08-17-a-las-01.34.47-300x186.png 300w\" sizes=\"(max-width: 427px) 100vw, 427px\" \/><figcaption id=\"caption-attachment-95\" class=\"wp-caption-text\">Jos\u00e9 Manuel Correa<\/figcaption><\/figure>\n<p>De \u00e9sta manera surge el proyecto de grabar el Octavo disco de Jos\u00e9 Manuel Correa, ahora bajo el patrocinio de la Promotora Deportiva Guadalajara, mismo que se\u00a0 titul\u00f3 \u201cGuadalajara Mis Amores\u201d, acompa\u00f1ado por el Mariachi Nuevo Tecalitl\u00e1n, en el cual se incluyeron dos canciones en honor del equipo Guadalajara, que son \u201cChivas de Luis Aguil\u00e9 y S\u00faper Chivas de Manuel Mor\u00e1n.<\/p>\n<p>Posteriormente nace la idea de grabar un nuevo disco patrocinado por la Promotora Deportiva Guadalajara, siendo \u00e9ste el noveno material discogr\u00e1fico de Jos\u00e9 Manuel Correa, ahora acompa\u00f1ado por el Mariachi Vargas de Tecalitl\u00e1n., siendo \u00e9sta grabaci\u00f3n la que se consagr\u00f3 de manera natural, con la aceptaci\u00f3n de la vox populi y por supuesto en el gusto de los millones de seguidores del Guadalajara, a\u00fan sin haberse llevado a cabo un trabajo importante de promoci\u00f3n discogr\u00e1fica.<\/p>\n<p>Al trabajar con la Promotora Deportiva Guadalajara, la carrera de Jos\u00e9 Manuel Correa dio un extra\u00f1o y hasta cierto punto parad\u00f3jico giro, ya que por una parte mantuvo mucho trabajo y compromiso hacia los proyectos de la misma, la cual contemplaba entre sus objetivos de igual manera impulsar su carrera., Sin embargo a pesar de haberse alcanzado significativos logros, se descuidaron y se fueron retrasando los proyectos importantes en favor de una mayor promoci\u00f3n art\u00edstica y discogr\u00e1fica en radio y televisi\u00f3n incluso a nivel local, situaci\u00f3n que Jos\u00e9 Manuel hab\u00eda alcanzado mantener con \u00e9xito en a\u00f1os anteriores con sus primeros discos.<\/p>\n<p>Esto \u00faltimo a pesar de haberse alcanzado con patrocinio de la promotora, la producci\u00f3n de varios materiales discogr\u00e1ficos muy bien logrados., de igual manera qued\u00e1ndose en el tintero otros grandes planes que en definitiva nunca se llegaron a ejecutar debido a m\u00faltiples circunstancias.<\/p>\n<p>No obstante cuando el Sr. Jorge Vergara adquiere el equipo, \u00e9ste decide no escuchar a Jos\u00e9 Manuel, mucho menos contratarlo y\/o conocer los planes y proyectos que conllevaban adquirir los activos y beneficios que se hab\u00edan generado a pesar de contar ellos con un gran potencial incluso mercadol\u00f3gico y sin que \u00e9stos se hubieran realmente explotado anteriormente., por el contrario decide interrumpir la difusi\u00f3n oficial de la canciones que el p\u00fablico ya ha hecho suyas.<\/p>\n<figure id=\"attachment_97\" aria-describedby=\"caption-attachment-97\" style=\"width: 226px\" class=\"wp-caption alignleft\"><img decoding=\"async\" loading=\"lazy\" class=\"wp-image-97\" src=\"http:\/\/josemanuelcorrea.com\/wp-content\/uploads\/2014\/07\/Captura-de-pantalla-2014-08-17-a-las-01.30.51-210x300.png\" alt=\"Jos\u00e9 Manuel Correa\" width=\"226\" height=\"323\" srcset=\"http:\/\/josemanuelcorrea.com\/wp-content\/uploads\/2014\/07\/Captura-de-pantalla-2014-08-17-a-las-01.30.51-210x300.png 210w, http:\/\/josemanuelcorrea.com\/wp-content\/uploads\/2014\/07\/Captura-de-pantalla-2014-08-17-a-las-01.30.51.png 662w\" sizes=\"(max-width: 226px) 100vw, 226px\" \/><figcaption id=\"caption-attachment-97\" class=\"wp-caption-text\">Jos\u00e9 Manuel Correa<\/figcaption><\/figure>\n<p>Finalmente e independientemente de todo lo anterior \u201cSer el padre de una canci\u00f3n\u201d, como se le nombra en el argot art\u00edstico al int\u00e9rprete que logra colocar un \u00e9xito discogr\u00e1fico, ya sea a nivel nacional o internacional, representa para Jos\u00e9 Manuel, el \u00c9xito, m\u00e1s all\u00e1 del \u00c9xito!!!<\/p>\n<p>A la postre Jos\u00e9 Manuel Correa, vuelve a grabar un disco doble, compilando entre ambos algunos de sus m\u00e1s importantes \u00e9xitos discogr\u00e1ficos, e incluyendo 7 nuevas grabaciones, siendo hasta ahora sus \u00faltimos discos 10 y 11 hasta el momento.<\/p>\n","protected":false},"excerpt":{"rendered":"<p>Jos\u00e9 Manuel Correa, oriundo del Te\u00fal de Gonz\u00e1lez Ortega, Zacatecas, por el que siempre ha mantenido un cari\u00f1o muy entra\u00f1able, campesino de origen., \u00e9ste charro cantor de gran estatura y de buena presencia quien porta el traje de charro con distinguida elegancia y gallard\u00eda y quien aunado a su excelente voz y de peculiar estilo &hellip; <a href=\"http:\/\/josemanuelcorrea.com\/?page_id=8\" class=\"more-link\">Sigue leyendo <span class=\"screen-reader-text\">Biograf\u00eda<\/span> <span class=\"meta-nav\">&rarr;<\/span><\/a><\/p>\n","protected":false},"author":1,"featured_media":0,"parent":0,"menu_order":1,"comment_status":"closed","ping_status":"closed","template":"page-templates\/full-width.php","meta":[],"_links":{"self":[{"href":"http:\/\/josemanuelcorrea.com\/index.php?rest_route=\/wp\/v2\/pages\/8"}],"collection":[{"href":"http:\/\/josemanuelcorrea.com\/index.php?rest_route=\/wp\/v2\/pages"}],"about":[{"href":"http:\/\/josemanuelcorrea.com\/index.php?rest_route=\/wp\/v2\/types\/page"}],"author":[{"embeddable":true,"href":"http:\/\/josemanuelcorrea.com\/index.php?rest_route=\/wp\/v2\/users\/1"}],"replies":[{"embeddable":true,"href":"http:\/\/josemanuelcorrea.com\/index.php?rest_route=%2Fwp%2Fv2%2Fcomments&post=8"}],"version-history":[{"count":16,"href":"http:\/\/josemanuelcorrea.com\/index.php?rest_route=\/wp\/v2\/pages\/8\/revisions"}],"predecessor-version":[{"id":262,"href":"http:\/\/josemanuelcorrea.com\/index.php?rest_route=\/wp\/v2\/pages\/8\/revisions\/262"}],"wp:attachment":[{"href":"http:\/\/josemanuelcorrea.com\/index.php?rest_route=%2Fwp%2Fv2%2Fmedia&parent=8"}],"curies":[{"name":"wp","href":"https:\/\/api.w.org\/{rel}","templated":true}]}}